{"id":603,"date":"2025-12-23T11:42:13","date_gmt":"2025-12-23T19:42:13","guid":{"rendered":"https:\/\/www.mayodentalclinic.com.mx\/es\/?page_id=603"},"modified":"2025-12-23T11:45:03","modified_gmt":"2025-12-23T19:45:03","slug":"certificacion","status":"publish","type":"page","link":"https:\/\/www.mayodentalclinic.com.mx\/es\/certificacion\/","title":{"rendered":"Certificaci\u00f3n"},"content":{"rendered":"\t\t<div data-elementor-type=\"wp-page\" data-elementor-id=\"603\" class=\"elementor elementor-603\">\n\t\t\t\t<div class=\"elementor-element elementor-element-80fb1f8 e-flex e-con-boxed e-con e-parent\" data-id=\"80fb1f8\" data-element_type=\"container\" data-e-type=\"container\" data-settings=\"{&quot;background_background&quot;:&quot;classic&quot;}\">\n\t\t\t\t\t<div class=\"e-con-inner\">\n\t\t\t\t<div class=\"elementor-element elementor-element-ad7c081 elementor-widget elementor-widget-heading\" data-id=\"ad7c081\" data-element_type=\"widget\" data-e-type=\"widget\" data-widget_type=\"heading.default\">\n\t\t\t\t<div class=\"elementor-widget-container\">\n\t\t\t\t\t<h2 class=\"elementor-heading-title elementor-size-default\">Nuestra Certificaci\u00f3n<\/h2>\t\t\t\t<\/div>\n\t\t\t\t<\/div>\n\t\t\t\t<div class=\"elementor-element elementor-element-7c2064f elementor-widget elementor-widget-text-editor\" data-id=\"7c2064f\" data-element_type=\"widget\" data-e-type=\"widget\" data-widget_type=\"text-editor.default\">\n\t\t\t\t<div class=\"elementor-widget-container\">\n\t\t\t\t\t\t\t\t\t<p><span class=\"a_GcMg font-feature-liga-off font-feature-clig-off font-feature-calt-off text-decoration-none text-strikethrough-none\">Descubre una amplia gama de tratamientos dentales de alta calidad, adaptados a todas sus necesidades de salud bucal, proporcionados por nuestros expertos dentales en un entorno c\u00f3modo y con tecnolog\u00eda de vanguardia.<\/span><\/p>\t\t\t\t\t\t\t\t<\/div>\n\t\t\t\t<\/div>\n\t\t\t\t<div class=\"elementor-element elementor-element-e38cb1f elementor-widget elementor-widget-heading\" data-id=\"e38cb1f\" data-element_type=\"widget\" data-e-type=\"widget\" data-widget_type=\"heading.default\">\n\t\t\t\t<div class=\"elementor-widget-container\">\n\t\t\t\t\t<h2 class=\"elementor-heading-title elementor-size-default\">C\u00e9dula Profesional<\/h2>\t\t\t\t<\/div>\n\t\t\t\t<\/div>\n\t\t\t\t<div class=\"elementor-element elementor-element-dde78c1 elementor-widget elementor-widget-image\" data-id=\"dde78c1\" data-element_type=\"widget\" data-e-type=\"widget\" data-widget_type=\"image.default\">\n\t\t\t\t<div class=\"elementor-widget-container\">\n\t\t\t\t\t\t\t\t\t\t\t\t\t\t\t\t<a href=\"https:\/\/www.mayodentalclinic.com.mx\/es\/wp-content\/uploads\/2025\/12\/cedula.jpg\" data-elementor-open-lightbox=\"yes\" data-elementor-lightbox-title=\"cedula\" data-e-action-hash=\"#elementor-action%3Aaction%3Dlightbox%26settings%3DeyJpZCI6NjA2LCJ1cmwiOiJodHRwczpcL1wvd3d3Lm1heW9kZW50YWxjbGluaWMuY29tLm14XC9lc1wvd3AtY29udGVudFwvdXBsb2Fkc1wvMjAyNVwvMTJcL2NlZHVsYS5qcGcifQ%3D%3D\">\n\t\t\t\t\t\t\t<img fetchpriority=\"high\" decoding=\"async\" width=\"1118\" height=\"820\" src=\"https:\/\/www.mayodentalclinic.com.mx\/es\/wp-content\/uploads\/2025\/12\/cedula.jpg\" class=\"attachment-full size-full wp-image-606\" alt=\"\" srcset=\"https:\/\/www.mayodentalclinic.com.mx\/es\/wp-content\/uploads\/2025\/12\/cedula.jpg 1118w, https:\/\/www.mayodentalclinic.com.mx\/es\/wp-content\/uploads\/2025\/12\/cedula-300x220.jpg 300w, https:\/\/www.mayodentalclinic.com.mx\/es\/wp-content\/uploads\/2025\/12\/cedula-1024x751.jpg 1024w, https:\/\/www.mayodentalclinic.com.mx\/es\/wp-content\/uploads\/2025\/12\/cedula-768x563.jpg 768w\" sizes=\"(max-width: 1118px) 100vw, 1118px\" \/>\t\t\t\t\t\t\t\t<\/a>\n\t\t\t\t\t\t\t\t\t\t\t\t\t\t\t<\/div>\n\t\t\t\t<\/div>\n\t\t\t\t<div class=\"elementor-element elementor-element-7b2a04a elementor-widget elementor-widget-heading\" data-id=\"7b2a04a\" data-element_type=\"widget\" data-e-type=\"widget\" data-widget_type=\"heading.default\">\n\t\t\t\t<div class=\"elementor-widget-container\">\n\t\t\t\t\t<h3 class=\"elementor-heading-title elementor-size-default\">Jose Jesus Mayoral Amador<\/h3>\t\t\t\t<\/div>\n\t\t\t\t<\/div>\n\t\t\t\t<div class=\"elementor-element elementor-element-a645f5e elementor-widget elementor-widget-text-editor\" data-id=\"a645f5e\" data-element_type=\"widget\" data-e-type=\"widget\" data-widget_type=\"text-editor.default\">\n\t\t\t\t<div class=\"elementor-widget-container\">\n\t\t\t\t\t\t\t\t\t<p><span class=\"a_GcMg font-feature-liga-off font-feature-clig-off font-feature-calt-off text-decoration-none text-strikethrough-none\">Cirujano Dentista<\/span><\/p>\t\t\t\t\t\t\t\t<\/div>\n\t\t\t\t<\/div>\n\t\t\t\t\t<\/div>\n\t\t\t\t<\/div>\n\t\t<div class=\"elementor-element elementor-element-567013a e-flex e-con-boxed e-con e-parent\" data-id=\"567013a\" data-element_type=\"container\" data-e-type=\"container\">\n\t\t\t\t\t<div class=\"e-con-inner\">\n\t\t<div class=\"elementor-element elementor-element-75003c2 e-con-full e-flex e-con e-child\" data-id=\"75003c2\" data-element_type=\"container\" data-e-type=\"container\">\n\t\t\t\t<div class=\"elementor-element elementor-element-a2642ec elementor-widget elementor-widget-heading\" data-id=\"a2642ec\" data-element_type=\"widget\" data-e-type=\"widget\" data-widget_type=\"heading.default\">\n\t\t\t\t<div class=\"elementor-widget-container\">\n\t\t\t\t\t<h2 class=\"elementor-heading-title elementor-size-default\"><span class=\"a_GcMg font-feature-liga-off font-feature-clig-off font-feature-calt-off text-decoration-none text-strikethrough-none\" style=\"--Ys-XuQ: none\">T\u00edtulo Profesional<\/span><\/h2>\t\t\t\t<\/div>\n\t\t\t\t<\/div>\n\t\t\t\t<div class=\"elementor-element elementor-element-bf3e2f9 elementor-widget elementor-widget-image\" data-id=\"bf3e2f9\" data-element_type=\"widget\" data-e-type=\"widget\" data-widget_type=\"image.default\">\n\t\t\t\t<div class=\"elementor-widget-container\">\n\t\t\t\t\t\t\t\t\t\t\t\t\t\t\t\t<a href=\"https:\/\/www.mayodentalclinic.com.mx\/es\/wp-content\/uploads\/2025\/12\/Titulo-Profesional.jpg\" data-elementor-open-lightbox=\"yes\" data-elementor-lightbox-title=\"T\u00edtulo Profesional\" data-e-action-hash=\"#elementor-action%3Aaction%3Dlightbox%26settings%3DeyJpZCI6NjExLCJ1cmwiOiJodHRwczpcL1wvd3d3Lm1heW9kZW50YWxjbGluaWMuY29tLm14XC9lc1wvd3AtY29udGVudFwvdXBsb2Fkc1wvMjAyNVwvMTJcL1RpdHVsby1Qcm9mZXNpb25hbC5qcGcifQ%3D%3D\">\n\t\t\t\t\t\t\t<img decoding=\"async\" width=\"996\" height=\"706\" src=\"https:\/\/www.mayodentalclinic.com.mx\/es\/wp-content\/uploads\/2025\/12\/Titulo-Profesional.jpg\" class=\"attachment-full size-full wp-image-611\" alt=\"\" srcset=\"https:\/\/www.mayodentalclinic.com.mx\/es\/wp-content\/uploads\/2025\/12\/Titulo-Profesional.jpg 996w, https:\/\/www.mayodentalclinic.com.mx\/es\/wp-content\/uploads\/2025\/12\/Titulo-Profesional-300x213.jpg 300w, https:\/\/www.mayodentalclinic.com.mx\/es\/wp-content\/uploads\/2025\/12\/Titulo-Profesional-768x544.jpg 768w\" sizes=\"(max-width: 996px) 100vw, 996px\" \/>\t\t\t\t\t\t\t\t<\/a>\n\t\t\t\t\t\t\t\t\t\t\t\t\t\t\t<\/div>\n\t\t\t\t<\/div>\n\t\t\t\t<\/div>\n\t\t<div class=\"elementor-element elementor-element-3f8fd43 e-con-full e-flex e-con e-child\" data-id=\"3f8fd43\" data-element_type=\"container\" data-e-type=\"container\">\n\t\t\t\t<div class=\"elementor-element elementor-element-190ec8a elementor-widget elementor-widget-heading\" data-id=\"190ec8a\" data-element_type=\"widget\" data-e-type=\"widget\" data-widget_type=\"heading.default\">\n\t\t\t\t<div class=\"elementor-widget-container\">\n\t\t\t\t\t<h2 class=\"elementor-heading-title elementor-size-default\"><span class=\"a_GcMg font-feature-liga-off font-feature-clig-off font-feature-calt-off text-decoration-none text-strikethrough-none\" style=\"--Ys-XuQ: none\">C\u00e9dula de especialidad<\/span><\/h2>\t\t\t\t<\/div>\n\t\t\t\t<\/div>\n\t\t\t\t<div class=\"elementor-element elementor-element-ec2613c elementor-widget elementor-widget-image\" data-id=\"ec2613c\" data-element_type=\"widget\" data-e-type=\"widget\" data-widget_type=\"image.default\">\n\t\t\t\t<div class=\"elementor-widget-container\">\n\t\t\t\t\t\t\t\t\t\t\t\t\t\t\t\t<a href=\"https:\/\/www.mayodentalclinic.com.mx\/es\/wp-content\/uploads\/2025\/12\/Cedula-de-especialidad.jpg\" data-elementor-open-lightbox=\"yes\" data-elementor-lightbox-title=\"C\u00e9dula de especialidad\" data-e-action-hash=\"#elementor-action%3Aaction%3Dlightbox%26settings%3DeyJpZCI6NjEwLCJ1cmwiOiJodHRwczpcL1wvd3d3Lm1heW9kZW50YWxjbGluaWMuY29tLm14XC9lc1wvd3AtY29udGVudFwvdXBsb2Fkc1wvMjAyNVwvMTJcL0NlZHVsYS1kZS1lc3BlY2lhbGlkYWQuanBnIn0%3D\">\n\t\t\t\t\t\t\t<img decoding=\"async\" width=\"900\" height=\"1077\" src=\"https:\/\/www.mayodentalclinic.com.mx\/es\/wp-content\/uploads\/2025\/12\/Cedula-de-especialidad.jpg\" class=\"attachment-full size-full wp-image-610\" alt=\"\" srcset=\"https:\/\/www.mayodentalclinic.com.mx\/es\/wp-content\/uploads\/2025\/12\/Cedula-de-especialidad.jpg 900w, https:\/\/www.mayodentalclinic.com.mx\/es\/wp-content\/uploads\/2025\/12\/Cedula-de-especialidad-251x300.jpg 251w, https:\/\/www.mayodentalclinic.com.mx\/es\/wp-content\/uploads\/2025\/12\/Cedula-de-especialidad-856x1024.jpg 856w, https:\/\/www.mayodentalclinic.com.mx\/es\/wp-content\/uploads\/2025\/12\/Cedula-de-especialidad-768x919.jpg 768w\" sizes=\"(max-width: 900px) 100vw, 900px\" \/>\t\t\t\t\t\t\t\t<\/a>\n\t\t\t\t\t\t\t\t\t\t\t\t\t\t\t<\/div>\n\t\t\t\t<\/div>\n\t\t\t\t<\/div>\n\t\t\t\t\t<\/div>\n\t\t\t\t<\/div>\n\t\t<div class=\"elementor-element elementor-element-c9eb922 e-flex e-con-boxed e-con e-parent\" data-id=\"c9eb922\" data-element_type=\"container\" data-e-type=\"container\">\n\t\t\t\t\t<div class=\"e-con-inner\">\n\t\t\t\t<div class=\"elementor-element elementor-element-5ea0cad elementor-widget elementor-widget-text-editor\" data-id=\"5ea0cad\" data-element_type=\"widget\" data-e-type=\"widget\" data-widget_type=\"text-editor.default\">\n\t\t\t\t<div class=\"elementor-widget-container\">\n\t\t\t\t\t\t\t\t\t<p>T\u00edtulo especialidad:<\/p>\t\t\t\t\t\t\t\t<\/div>\n\t\t\t\t<\/div>\n\t\t\t\t<div class=\"elementor-element elementor-element-1ce65c9 elementor-widget elementor-widget-heading\" data-id=\"1ce65c9\" data-element_type=\"widget\" data-e-type=\"widget\" data-widget_type=\"heading.default\">\n\t\t\t\t<div class=\"elementor-widget-container\">\n\t\t\t\t\t<h2 class=\"elementor-heading-title elementor-size-default\">Prostodoncia<\/h2>\t\t\t\t<\/div>\n\t\t\t\t<\/div>\n\t\t\t\t<div class=\"elementor-element elementor-element-9e33072 elementor-widget elementor-widget-image\" data-id=\"9e33072\" data-element_type=\"widget\" data-e-type=\"widget\" data-widget_type=\"image.default\">\n\t\t\t\t<div class=\"elementor-widget-container\">\n\t\t\t\t\t\t\t\t\t\t\t\t\t\t\t\t<a href=\"https:\/\/www.mayodentalclinic.com.mx\/es\/wp-content\/uploads\/2025\/12\/Prostodoncia.jpg\" data-elementor-open-lightbox=\"yes\" data-elementor-lightbox-title=\"Prostodoncia\" data-e-action-hash=\"#elementor-action%3Aaction%3Dlightbox%26settings%3DeyJpZCI6NjEyLCJ1cmwiOiJodHRwczpcL1wvd3d3Lm1heW9kZW50YWxjbGluaWMuY29tLm14XC9lc1wvd3AtY29udGVudFwvdXBsb2Fkc1wvMjAyNVwvMTJcL1Byb3N0b2RvbmNpYS5qcGcifQ%3D%3D\">\n\t\t\t\t\t\t\t<img loading=\"lazy\" decoding=\"async\" width=\"2271\" height=\"780\" src=\"https:\/\/www.mayodentalclinic.com.mx\/es\/wp-content\/uploads\/2025\/12\/Prostodoncia.jpg\" class=\"attachment-full size-full wp-image-612\" alt=\"\" srcset=\"https:\/\/www.mayodentalclinic.com.mx\/es\/wp-content\/uploads\/2025\/12\/Prostodoncia.jpg 2271w, https:\/\/www.mayodentalclinic.com.mx\/es\/wp-content\/uploads\/2025\/12\/Prostodoncia-300x103.jpg 300w, https:\/\/www.mayodentalclinic.com.mx\/es\/wp-content\/uploads\/2025\/12\/Prostodoncia-1024x352.jpg 1024w, https:\/\/www.mayodentalclinic.com.mx\/es\/wp-content\/uploads\/2025\/12\/Prostodoncia-768x264.jpg 768w, https:\/\/www.mayodentalclinic.com.mx\/es\/wp-content\/uploads\/2025\/12\/Prostodoncia-1536x528.jpg 1536w, https:\/\/www.mayodentalclinic.com.mx\/es\/wp-content\/uploads\/2025\/12\/Prostodoncia-2048x703.jpg 2048w\" sizes=\"(max-width: 2271px) 100vw, 2271px\" \/>\t\t\t\t\t\t\t\t<\/a>\n\t\t\t\t\t\t\t\t\t\t\t\t\t\t\t<\/div>\n\t\t\t\t<\/div>\n\t\t\t\t<div class=\"elementor-element elementor-element-5831d5b elementor-widget-divider--view-line elementor-widget elementor-widget-divider\" data-id=\"5831d5b\" data-element_type=\"widget\" data-e-type=\"widget\" data-widget_type=\"divider.default\">\n\t\t\t\t<div class=\"elementor-widget-container\">\n\t\t\t\t\t\t\t<div class=\"elementor-divider\">\n\t\t\t<span class=\"elementor-divider-separator\">\n\t\t\t\t\t\t<\/span>\n\t\t<\/div>\n\t\t\t\t\t\t<\/div>\n\t\t\t\t<\/div>\n\t\t\t\t<div class=\"elementor-element elementor-element-83972f7 elementor-widget elementor-widget-heading\" data-id=\"83972f7\" data-element_type=\"widget\" data-e-type=\"widget\" data-widget_type=\"heading.default\">\n\t\t\t\t<div class=\"elementor-widget-container\">\n\t\t\t\t\t<h2 class=\"elementor-heading-title elementor-size-default\">C\u00e9dula Profesional<\/h2>\t\t\t\t<\/div>\n\t\t\t\t<\/div>\n\t\t\t\t<div class=\"elementor-element elementor-element-5cb0d28 elementor-widget elementor-widget-image\" data-id=\"5cb0d28\" data-element_type=\"widget\" data-e-type=\"widget\" data-widget_type=\"image.default\">\n\t\t\t\t<div class=\"elementor-widget-container\">\n\t\t\t\t\t\t\t\t\t\t\t\t\t\t\t\t<a href=\"https:\/\/www.mayodentalclinic.com.mx\/es\/wp-content\/uploads\/2025\/12\/Cedula-Nathalia.jpg\" data-elementor-open-lightbox=\"yes\" data-elementor-lightbox-title=\"C\u00e9dula Nathalia\" data-e-action-hash=\"#elementor-action%3Aaction%3Dlightbox%26settings%3DeyJpZCI6NjE2LCJ1cmwiOiJodHRwczpcL1wvd3d3Lm1heW9kZW50YWxjbGluaWMuY29tLm14XC9lc1wvd3AtY29udGVudFwvdXBsb2Fkc1wvMjAyNVwvMTJcL0NlZHVsYS1OYXRoYWxpYS5qcGcifQ%3D%3D\">\n\t\t\t\t\t\t\t<img loading=\"lazy\" decoding=\"async\" width=\"956\" height=\"1235\" src=\"https:\/\/www.mayodentalclinic.com.mx\/es\/wp-content\/uploads\/2025\/12\/Cedula-Nathalia.jpg\" class=\"attachment-full size-full wp-image-616\" alt=\"\" srcset=\"https:\/\/www.mayodentalclinic.com.mx\/es\/wp-content\/uploads\/2025\/12\/Cedula-Nathalia.jpg 956w, https:\/\/www.mayodentalclinic.com.mx\/es\/wp-content\/uploads\/2025\/12\/Cedula-Nathalia-232x300.jpg 232w, https:\/\/www.mayodentalclinic.com.mx\/es\/wp-content\/uploads\/2025\/12\/Cedula-Nathalia-793x1024.jpg 793w, https:\/\/www.mayodentalclinic.com.mx\/es\/wp-content\/uploads\/2025\/12\/Cedula-Nathalia-768x992.jpg 768w\" sizes=\"(max-width: 956px) 100vw, 956px\" \/>\t\t\t\t\t\t\t\t<\/a>\n\t\t\t\t\t\t\t\t\t\t\t\t\t\t\t<\/div>\n\t\t\t\t<\/div>\n\t\t\t\t<div class=\"elementor-element elementor-element-8ac52e1 elementor-widget elementor-widget-heading\" data-id=\"8ac52e1\" data-element_type=\"widget\" data-e-type=\"widget\" data-widget_type=\"heading.default\">\n\t\t\t\t<div class=\"elementor-widget-container\">\n\t\t\t\t\t<h3 class=\"elementor-heading-title elementor-size-default\">Nathalia Meillon Ochoa<\/h3>\t\t\t\t<\/div>\n\t\t\t\t<\/div>\n\t\t\t\t<div class=\"elementor-element elementor-element-5a0eec3 elementor-widget elementor-widget-text-editor\" data-id=\"5a0eec3\" data-element_type=\"widget\" data-e-type=\"widget\" data-widget_type=\"text-editor.default\">\n\t\t\t\t<div class=\"elementor-widget-container\">\n\t\t\t\t\t\t\t\t\t<p><span class=\"a_GcMg font-feature-liga-off font-feature-clig-off font-feature-calt-off text-decoration-none text-strikethrough-none\">Cirujano Dentista<\/span><\/p>\t\t\t\t\t\t\t\t<\/div>\n\t\t\t\t<\/div>\n\t\t\t\t\t<\/div>\n\t\t\t\t<\/div>\n\t\t<div class=\"elementor-element elementor-element-5720041 e-flex e-con-boxed e-con e-parent\" data-id=\"5720041\" data-element_type=\"container\" data-e-type=\"container\">\n\t\t\t\t\t<div class=\"e-con-inner\">\n\t\t<div class=\"elementor-element elementor-element-6359f8e e-con-full e-flex e-con e-child\" data-id=\"6359f8e\" data-element_type=\"container\" data-e-type=\"container\">\n\t\t\t\t<div class=\"elementor-element elementor-element-b1e9250 elementor-widget elementor-widget-heading\" data-id=\"b1e9250\" data-element_type=\"widget\" data-e-type=\"widget\" data-widget_type=\"heading.default\">\n\t\t\t\t<div class=\"elementor-widget-container\">\n\t\t\t\t\t<h2 class=\"elementor-heading-title elementor-size-default\">T\u00edtulo Profesional<\/h2>\t\t\t\t<\/div>\n\t\t\t\t<\/div>\n\t\t\t\t<div class=\"elementor-element elementor-element-d96e8c1 elementor-widget elementor-widget-image\" data-id=\"d96e8c1\" data-element_type=\"widget\" data-e-type=\"widget\" data-widget_type=\"image.default\">\n\t\t\t\t<div class=\"elementor-widget-container\">\n\t\t\t\t\t\t\t\t\t\t\t\t\t\t\t\t<a href=\"https:\/\/www.mayodentalclinic.com.mx\/es\/wp-content\/uploads\/2025\/12\/titulo-nathalia.jpg\" data-elementor-open-lightbox=\"yes\" data-elementor-lightbox-title=\"titulo nathalia\" data-e-action-hash=\"#elementor-action%3Aaction%3Dlightbox%26settings%3DeyJpZCI6NjE3LCJ1cmwiOiJodHRwczpcL1wvd3d3Lm1heW9kZW50YWxjbGluaWMuY29tLm14XC9lc1wvd3AtY29udGVudFwvdXBsb2Fkc1wvMjAyNVwvMTJcL3RpdHVsby1uYXRoYWxpYS5qcGcifQ%3D%3D\">\n\t\t\t\t\t\t\t<img loading=\"lazy\" decoding=\"async\" width=\"988\" height=\"1440\" src=\"https:\/\/www.mayodentalclinic.com.mx\/es\/wp-content\/uploads\/2025\/12\/titulo-nathalia.jpg\" class=\"attachment-full size-full wp-image-617\" alt=\"\" srcset=\"https:\/\/www.mayodentalclinic.com.mx\/es\/wp-content\/uploads\/2025\/12\/titulo-nathalia.jpg 988w, https:\/\/www.mayodentalclinic.com.mx\/es\/wp-content\/uploads\/2025\/12\/titulo-nathalia-206x300.jpg 206w, https:\/\/www.mayodentalclinic.com.mx\/es\/wp-content\/uploads\/2025\/12\/titulo-nathalia-703x1024.jpg 703w, https:\/\/www.mayodentalclinic.com.mx\/es\/wp-content\/uploads\/2025\/12\/titulo-nathalia-768x1119.jpg 768w\" sizes=\"(max-width: 988px) 100vw, 988px\" \/>\t\t\t\t\t\t\t\t<\/a>\n\t\t\t\t\t\t\t\t\t\t\t\t\t\t\t<\/div>\n\t\t\t\t<\/div>\n\t\t\t\t<\/div>\n\t\t<div class=\"elementor-element elementor-element-91032df e-con-full e-flex e-con e-child\" data-id=\"91032df\" data-element_type=\"container\" data-e-type=\"container\">\n\t\t\t\t<div class=\"elementor-element elementor-element-a6fcd5d elementor-widget elementor-widget-heading\" data-id=\"a6fcd5d\" data-element_type=\"widget\" data-e-type=\"widget\" data-widget_type=\"heading.default\">\n\t\t\t\t<div class=\"elementor-widget-container\">\n\t\t\t\t\t<h2 class=\"elementor-heading-title elementor-size-default\">Diploma Profesional<\/h2>\t\t\t\t<\/div>\n\t\t\t\t<\/div>\n\t\t\t\t<div class=\"elementor-element elementor-element-c23467e elementor-widget elementor-widget-image\" data-id=\"c23467e\" data-element_type=\"widget\" data-e-type=\"widget\" data-widget_type=\"image.default\">\n\t\t\t\t<div class=\"elementor-widget-container\">\n\t\t\t\t\t\t\t\t\t\t\t\t\t\t\t\t<a href=\"https:\/\/www.mayodentalclinic.com.mx\/es\/wp-content\/uploads\/2025\/12\/diploma-nathalia.jpg\" data-elementor-open-lightbox=\"yes\" data-elementor-lightbox-title=\"diploma nathalia\" data-e-action-hash=\"#elementor-action%3Aaction%3Dlightbox%26settings%3DeyJpZCI6NjE4LCJ1cmwiOiJodHRwczpcL1wvd3d3Lm1heW9kZW50YWxjbGluaWMuY29tLm14XC9lc1wvd3AtY29udGVudFwvdXBsb2Fkc1wvMjAyNVwvMTJcL2RpcGxvbWEtbmF0aGFsaWEuanBnIn0%3D\">\n\t\t\t\t\t\t\t<img loading=\"lazy\" decoding=\"async\" width=\"988\" height=\"1535\" src=\"https:\/\/www.mayodentalclinic.com.mx\/es\/wp-content\/uploads\/2025\/12\/diploma-nathalia.jpg\" class=\"attachment-full size-full wp-image-618\" alt=\"\" srcset=\"https:\/\/www.mayodentalclinic.com.mx\/es\/wp-content\/uploads\/2025\/12\/diploma-nathalia.jpg 988w, https:\/\/www.mayodentalclinic.com.mx\/es\/wp-content\/uploads\/2025\/12\/diploma-nathalia-193x300.jpg 193w, https:\/\/www.mayodentalclinic.com.mx\/es\/wp-content\/uploads\/2025\/12\/diploma-nathalia-659x1024.jpg 659w, https:\/\/www.mayodentalclinic.com.mx\/es\/wp-content\/uploads\/2025\/12\/diploma-nathalia-768x1193.jpg 768w\" sizes=\"(max-width: 988px) 100vw, 988px\" \/>\t\t\t\t\t\t\t\t<\/a>\n\t\t\t\t\t\t\t\t\t\t\t\t\t\t\t<\/div>\n\t\t\t\t<\/div>\n\t\t\t\t<\/div>\n\t\t\t\t\t<\/div>\n\t\t\t\t<\/div>\n\t\t\t\t<\/div>\n\t\t","protected":false},"excerpt":{"rendered":"<p>Nuestra Certificaci\u00f3n Descubre una amplia gama de tratamientos dentales de alta calidad, adaptados a todas sus necesidades de salud bucal, proporcionados por nuestros expertos dentales en un entorno c\u00f3modo y con tecnolog\u00eda de vanguardia. C\u00e9dula Profesional Jose Jesus Mayoral Amador Cirujano Dentista T\u00edtulo Profesional C\u00e9dula de especialidad T\u00edtulo especialidad: Prostodoncia C\u00e9dula Profesional Nathalia Meillon Ochoa [&hellip;]<\/p>\n","protected":false},"author":1,"featured_media":0,"parent":0,"menu_order":0,"comment_status":"closed","ping_status":"closed","template":"elementor_header_footer","meta":{"footnotes":""},"class_list":["post-603","page","type-page","status-publish","hentry"],"_links":{"self":[{"href":"https:\/\/www.mayodentalclinic.com.mx\/es\/wp-json\/wp\/v2\/pages\/603","targetHints":{"allow":["GET"]}}],"collection":[{"href":"https:\/\/www.mayodentalclinic.com.mx\/es\/wp-json\/wp\/v2\/pages"}],"about":[{"href":"https:\/\/www.mayodentalclinic.com.mx\/es\/wp-json\/wp\/v2\/types\/page"}],"author":[{"embeddable":true,"href":"https:\/\/www.mayodentalclinic.com.mx\/es\/wp-json\/wp\/v2\/users\/1"}],"replies":[{"embeddable":true,"href":"https:\/\/www.mayodentalclinic.com.mx\/es\/wp-json\/wp\/v2\/comments?post=603"}],"version-history":[{"count":10,"href":"https:\/\/www.mayodentalclinic.com.mx\/es\/wp-json\/wp\/v2\/pages\/603\/revisions"}],"predecessor-version":[{"id":621,"href":"https:\/\/www.mayodentalclinic.com.mx\/es\/wp-json\/wp\/v2\/pages\/603\/revisions\/621"}],"wp:attachment":[{"href":"https:\/\/www.mayodentalclinic.com.mx\/es\/wp-json\/wp\/v2\/media?parent=603"}],"curies":[{"name":"wp","href":"https:\/\/api.w.org\/{rel}","templated":true}]}}